{"id":2,"date":"2020-01-31T06:21:40","date_gmt":"2020-01-31T06:21:40","guid":{"rendered":"https:\/\/www.heydetto.com\/?page_id=2"},"modified":"2020-02-02T20:05:21","modified_gmt":"2020-02-02T20:05:21","slug":"about","status":"publish","type":"page","link":"https:\/\/www.heydetto.com\/?page_id=2","title":{"rendered":"About \/ Mi ez?"},"content":{"rendered":"\n<p>Sz\u00f3l\u00edtsuk meg egym\u00e1st, merj\u00fcnk sz\u00f3lni egym\u00e1snak, mire van sz\u00fcks\u00e9g\u00fcnk! Ezen az oldalon lehet\u0151s\u00e9g\u00fcnk lesz orsz\u00e1gonk\u00e9nt \u00e9s megy\u00e9nk\u00e9nt a hozz\u00e1nk legk\u00f6zelebb l\u00e9v\u0151 felki\u00e1lt\u00e1sokat megtal\u00e1lni.<\/p>\n\n\n\n<ul class=\"wp-block-list\"><li>H\u00e9! Megyek a Balcsira. Ki j\u00f6nne velem?<\/li><\/ul>\n\n\n\n<ul class=\"wp-block-list\"><li>Dett\u00f3 \u00e9n is arra menn\u00e9k, de nincs kocsim.<\/li><\/ul>\n\n\n\n<p>m\u00e1s t\u00e9m\u00e1ban is lehet&#8230;<\/p>\n\n\n\n<ul class=\"wp-block-list\"><li>H\u00e9! Sok borom lett, akinek kell, h\u00edvjon!<\/li><\/ul>\n\n\n\n<ul class=\"wp-block-list\"><li>Dett\u00f3! \u00c9n inn\u00e9k. Mennyi literje?<\/li><\/ul>\n\n\n\n<p>s persze \u00e9tel, munka vagy ak\u00e1r eszk\u00f6z\u00f6k is lehetnek.<\/p>\n\n\n\n<p>B\u00e1rki b\u00e1rmit megoszthat miut\u00e1n j\u00f3v\u00e1hagytuk a tartalmat. <\/p>\n\n\n\n<p>Ezzel t\u00e1mogatjuk a k\u00f6z\u00f6ss\u00e9gek, \u00f6sszefog\u00e1sok fejl\u0151d\u00e9s\u00e9t. A m\u00e1r l\u00e9tez\u0151 \u00e9s j\u00f3l m\u0171k\u00f6d\u0151 k\u00f6z\u00f6ss\u00e9gi oldalakat igyeksz\u00fcnk \u00f6sszeszedni egy-egy list\u00e1ban, esetleg riportban. Tov\u00e1bb\u00e1 azoknak a termel\u0151knek, kisk\u00f6z\u00f6ss\u00e9geknek aloldalon helyet adunk a megjelen\u00e9s\u00fck teljesen egyedi megval\u00f3s\u00edt\u00e1sa \u00e9rdek\u00e9ben.<\/p>\n","protected":false},"excerpt":{"rendered":"<p>Sz\u00f3l\u00edtsuk meg egym\u00e1st, merj\u00fcnk sz\u00f3lni egym\u00e1snak, mire van sz\u00fcks\u00e9g\u00fcnk! Ezen az oldalon lehet\u0151s\u00e9g\u00fcnk lesz orsz\u00e1gonk\u00e9nt \u00e9s megy\u00e9nk\u00e9nt a hozz\u00e1nk legk\u00f6zelebb l\u00e9v\u0151 felki\u00e1lt\u00e1sokat megtal\u00e1lni. H\u00e9! Megyek a Balcsira. Ki j\u00f6nne velem? Dett\u00f3 \u00e9n is arra menn\u00e9k, de nincs kocsim. m\u00e1s t\u00e9m\u00e1ban is lehet&#8230; H\u00e9! Sok borom lett, akinek kell, h\u00edvjon! Dett\u00f3!&#8230; <a class=\"continue-reading-link\" href=\"https:\/\/www.heydetto.com\/?page_id=2\"> Continue reading <span class=\"meta-nav\">&rarr; <\/span><\/a><\/p>\n","protected":false},"author":1,"featured_media":0,"parent":0,"menu_order":0,"comment_status":"closed","ping_status":"closed","template":"","meta":{"iawp_total_views":6,"footnotes":""},"class_list":["post-2","page","type-page","status-publish","hentry"],"_links":{"self":[{"href":"https:\/\/www.heydetto.com\/index.php?rest_route=\/wp\/v2\/pages\/2","targetHints":{"allow":["GET"]}}],"collection":[{"href":"https:\/\/www.heydetto.com\/index.php?rest_route=\/wp\/v2\/pages"}],"about":[{"href":"https:\/\/www.heydetto.com\/index.php?rest_route=\/wp\/v2\/types\/page"}],"author":[{"embeddable":true,"href":"https:\/\/www.heydetto.com\/index.php?rest_route=\/wp\/v2\/users\/1"}],"replies":[{"embeddable":true,"href":"https:\/\/www.heydetto.com\/index.php?rest_route=%2Fwp%2Fv2%2Fcomments&post=2"}],"version-history":[{"count":3,"href":"https:\/\/www.heydetto.com\/index.php?rest_route=\/wp\/v2\/pages\/2\/revisions"}],"predecessor-version":[{"id":10,"href":"https:\/\/www.heydetto.com\/index.php?rest_route=\/wp\/v2\/pages\/2\/revisions\/10"}],"wp:attachment":[{"href":"https:\/\/www.heydetto.com\/index.php?rest_route=%2Fwp%2Fv2%2Fmedia&parent=2"}],"curies":[{"name":"wp","href":"https:\/\/api.w.org\/{rel}","templated":true}]}}